{"id":128,"date":"2019-10-28T14:14:30","date_gmt":"2019-10-28T14:14:30","guid":{"rendered":"https:\/\/bridge276.qodeinteractive.com\/?page_id=128"},"modified":"2019-11-19T09:16:32","modified_gmt":"2019-11-19T08:16:32","slug":"services","status":"publish","type":"page","link":"https:\/\/www.haveldesign.at\/wp\/?page_id=128","title":{"rendered":"Services"},"content":{"rendered":"\t\t<div data-elementor-type=\"wp-page\" data-elementor-id=\"128\" class=\"elementor elementor-128\">\n\t\t\t\t\t\t<section class=\"elementor-section elementor-top-section elementor-element elementor-element-557a47b elementor-section-full_width elementor-section-height-default elementor-section-height-default parallax_section_no qode_elementor_container_no\" data-id=\"557a47b\" data-element_type=\"section\" data-e-type=\"section\">\n\t\t\t\t\t\t<div class=\"elementor-container elementor-column-gap-no\">\n\t\t\t\t\t<div class=\"elementor-column elementor-col-100 elementor-top-column elementor-element elementor-element-4951c5f\" data-id=\"4951c5f\" data-element_type=\"column\" data-e-type=\"column\">\n\t\t\t<div class=\"elementor-widget-wrap elementor-element-populated\">\n\t\t\t\t\t\t<div class=\"elementor-element elementor-element-0e09ffb elementor-widget elementor-widget-text-editor\" data-id=\"0e09ffb\" data-element_type=\"widget\" data-e-type=\"widget\" data-widget_type=\"text-editor.default\">\n\t\t\t\t<div class=\"elementor-widget-container\">\n\t\t\t\t\t\t\t\t\t<h1>Services<\/h1>\t\t\t\t\t\t\t\t<\/div>\n\t\t\t\t<\/div>\n\t\t\t\t\t<\/div>\n\t\t<\/div>\n\t\t\t\t\t<\/div>\n\t\t<\/section>\n\t\t\t\t<section class=\"elementor-section elementor-top-section elementor-element elementor-element-57e8aa5 elementor-section-boxed elementor-section-height-default elementor-section-height-default parallax_section_no qode_elementor_container_no\" data-id=\"57e8aa5\" data-element_type=\"section\" data-e-type=\"section\">\n\t\t\t\t\t\t<div class=\"elementor-container elementor-column-gap-wide\">\n\t\t\t\t\t<div class=\"elementor-column elementor-col-33 elementor-top-column elementor-element elementor-element-5b1d6cb\" data-id=\"5b1d6cb\" data-element_type=\"column\" data-e-type=\"column\">\n\t\t\t<div class=\"elementor-widget-wrap elementor-element-populated\">\n\t\t\t\t\t\t<div class=\"elementor-element elementor-element-41e5730 elementor-widget elementor-widget-text-editor\" data-id=\"41e5730\" data-element_type=\"widget\" data-e-type=\"widget\" data-widget_type=\"text-editor.default\">\n\t\t\t\t<div class=\"elementor-widget-container\">\n\t\t\t\t\t\t\t\t\t<h5>Logodesign<\/h5><div>\u00a0<\/div><p>Das Logo ist der wichtigste Teil Ihres Corporate Designs. Gerade Existenzgr\u00fcnder sollten das Logo als Erstes angehen, denn hierauf baut sich sp\u00e4ter alles weitere auf. Aber auch Firmen, die ein Logo schon seit Jahren oder Jahrzehnten einsetzen, sollten \u00fcber eine Auffrischung nachdenken. Hierbei sollte man allerdings sehr behutsam vorgehen, da der Wiedererkennungswert nicht verloren gehen darf.<\/p><p>\u00a0<\/p><p>\u2022 Logoentwicklung und \u2013 umsetzung<\/p><p>\u2022 Vektorisierung bestehender Logos<br \/>\u2022 Logo-Relaunch<\/p>\t\t\t\t\t\t\t\t<\/div>\n\t\t\t\t<\/div>\n\t\t\t\t\t<\/div>\n\t\t<\/div>\n\t\t\t\t<div class=\"elementor-column elementor-col-33 elementor-top-column elementor-element elementor-element-298586b\" data-id=\"298586b\" data-element_type=\"column\" data-e-type=\"column\">\n\t\t\t<div class=\"elementor-widget-wrap elementor-element-populated\">\n\t\t\t\t\t\t<div class=\"elementor-element elementor-element-1aa5e51 elementor-widget elementor-widget-text-editor\" data-id=\"1aa5e51\" data-element_type=\"widget\" data-e-type=\"widget\" data-widget_type=\"text-editor.default\">\n\t\t\t\t<div class=\"elementor-widget-container\">\n\t\t\t\t\t\t\t\t\t<h5>DRUCKsorten<\/h5><div>\u00a0<\/div><p>In Zusammenarbeit mit verschiedenen Druckereien kann ich jede Art von Drucksorte f\u00fcr Sie fertigen lassen. Je nach Anspruch und Budget von g\u00fcnstiger Standard-Qualit\u00e4t bis hin zu hochwertigen, individuellen Produkten. Ich \u00fcbernehmen f\u00fcr Sie die Offerteinholung, Vergabe und \u00dcberwachung Ihrer Druckauftr\u00e4gen.<\/p><p>\u00a0<\/p><p>\u2022 Visitenkarten\/ Briefpapier\/ Kuverts<br \/>\u2022 Flyer, Folder, Brosch\u00fcren<br \/>\u2022 personalisierte Mailings<br \/>\u2022 Poster<br \/>\u2022 Gru\u00dfkarten<br \/>\u2022 Etiketten, Aufkleber<br \/>\u2022 Displays, Werbeschilder, Werbeplanen<br \/>\u2022 Fahrzeugbeschriftungen<br \/>\u2022 uvm.<\/p>\t\t\t\t\t\t\t\t<\/div>\n\t\t\t\t<\/div>\n\t\t\t\t\t<\/div>\n\t\t<\/div>\n\t\t\t\t<div class=\"elementor-column elementor-col-33 elementor-top-column elementor-element elementor-element-1eda255\" data-id=\"1eda255\" data-element_type=\"column\" data-e-type=\"column\">\n\t\t\t<div class=\"elementor-widget-wrap elementor-element-populated\">\n\t\t\t\t\t\t<div class=\"elementor-element elementor-element-906a159 elementor-widget elementor-widget-text-editor\" data-id=\"906a159\" data-element_type=\"widget\" data-e-type=\"widget\" data-widget_type=\"text-editor.default\">\n\t\t\t\t<div class=\"elementor-widget-container\">\n\t\t\t\t\t\t\t\t\t<h5>WEBDESIGN<\/h5><div>\u00a0<\/div><p>Ich erstelle f\u00fcr Sie effiziente, kommunikative Webl\u00f6sungen auf Basis von CMS WordPress Templates, f\u00fcr Ihren professionellen Internetauftritt.<\/p><p>\u00a0<\/p><p>\u2022 Beratung, Konzeption, Erstellung<br \/>\u2022 Analyse von bestehenden Webseiten<br \/>\u2022 Webdesign, grafische Gestaltung<br \/>\u2022 Digitalisierung ihrer Unterlagen und Grafiken<br \/>\u2022 Webhosting mit einem kompetenten Partner<br \/>\u2022 Pflege Ihrer Webseite<\/p><p>\u00a0<\/p><h5>Social Media<\/h5><div>\u00a0<\/div><p>\u2022 Social Media Firmenprofil<br \/>\u2022 Grafiken\/Quotes f\u00fcr Ihre Social Media Kan\u00e4le<br \/>\u2022 Ad Kampagnen<\/p>\t\t\t\t\t\t\t\t<\/div>\n\t\t\t\t<\/div>\n\t\t\t\t\t<\/div>\n\t\t<\/div>\n\t\t\t\t\t<\/div>\n\t\t<\/section>\n\t\t\t\t<\/div>\n\t\t","protected":false},"excerpt":{"rendered":"<p>Services Logodesign \u00a0 Das Logo ist der wichtigste Teil Ihres Corporate Designs. Gerade Existenzgr\u00fcnder sollten das Logo als Erstes angehen, denn hierauf baut sich sp\u00e4ter alles weitere auf. Aber auch Firmen, die ein Logo schon seit Jahren oder Jahrzehnten einsetzen, sollten \u00fcber eine Auffrischung nachdenken&#8230;.<\/p>\n","protected":false},"author":1,"featured_media":0,"parent":0,"menu_order":0,"comment_status":"closed","ping_status":"closed","template":"full_width.php","meta":{"footnotes":""},"class_list":["post-128","page","type-page","status-publish","hentry"],"_links":{"self":[{"href":"https:\/\/www.haveldesign.at\/wp\/index.php?rest_route=\/wp\/v2\/pages\/128","targetHints":{"allow":["GET"]}}],"collection":[{"href":"https:\/\/www.haveldesign.at\/wp\/index.php?rest_route=\/wp\/v2\/pages"}],"about":[{"href":"https:\/\/www.haveldesign.at\/wp\/index.php?rest_route=\/wp\/v2\/types\/page"}],"author":[{"embeddable":true,"href":"https:\/\/www.haveldesign.at\/wp\/index.php?rest_route=\/wp\/v2\/users\/1"}],"replies":[{"embeddable":true,"href":"https:\/\/www.haveldesign.at\/wp\/index.php?rest_route=%2Fwp%2Fv2%2Fcomments&post=128"}],"version-history":[{"count":27,"href":"https:\/\/www.haveldesign.at\/wp\/index.php?rest_route=\/wp\/v2\/pages\/128\/revisions"}],"predecessor-version":[{"id":418,"href":"https:\/\/www.haveldesign.at\/wp\/index.php?rest_route=\/wp\/v2\/pages\/128\/revisions\/418"}],"wp:attachment":[{"href":"https:\/\/www.haveldesign.at\/wp\/index.php?rest_route=%2Fwp%2Fv2%2Fmedia&parent=128"}],"curies":[{"name":"wp","href":"https:\/\/api.w.org\/{rel}","templated":true}]}}