{"id":46,"date":"2019-10-28T09:57:53","date_gmt":"2019-10-28T09:57:53","guid":{"rendered":"https:\/\/bridge276.qodeinteractive.com\/?page_id=46"},"modified":"2025-07-10T09:12:17","modified_gmt":"2025-07-10T07:12:17","slug":"contact","status":"publish","type":"page","link":"https:\/\/www.haveldesign.at\/wp\/?page_id=46","title":{"rendered":"Contact"},"content":{"rendered":"\t\t<div data-elementor-type=\"wp-page\" data-elementor-id=\"46\" class=\"elementor elementor-46\">\n\t\t\t\t\t\t<section class=\"elementor-section elementor-top-section elementor-element elementor-element-d71c52a elementor-section-full_width elementor-section-height-default elementor-section-height-default parallax_section_no qode_elementor_container_no\" data-id=\"d71c52a\" data-element_type=\"section\" data-e-type=\"section\">\n\t\t\t\t\t\t<div class=\"elementor-container elementor-column-gap-no\">\n\t\t\t\t\t<div class=\"elementor-column elementor-col-100 elementor-top-column elementor-element elementor-element-bceb20e\" data-id=\"bceb20e\" data-element_type=\"column\" data-e-type=\"column\">\n\t\t\t<div class=\"elementor-widget-wrap\">\n\t\t\t\t\t\t\t<\/div>\n\t\t<\/div>\n\t\t\t\t\t<\/div>\n\t\t<\/section>\n\t\t\t\t<section class=\"elementor-section elementor-top-section elementor-element elementor-element-7c63c08 elementor-section-full_width elementor-section-height-default elementor-section-height-default parallax_section_no qode_elementor_container_no\" data-id=\"7c63c08\" data-element_type=\"section\" data-e-type=\"section\">\n\t\t\t\t\t\t<div class=\"elementor-container elementor-column-gap-no\">\n\t\t\t\t\t<div class=\"elementor-column elementor-col-100 elementor-top-column elementor-element elementor-element-c825566\" data-id=\"c825566\" data-element_type=\"column\" data-e-type=\"column\">\n\t\t\t<div class=\"elementor-widget-wrap elementor-element-populated\">\n\t\t\t\t\t\t<div class=\"elementor-element elementor-element-8aba3e8 elementor-widget elementor-widget-text-editor\" data-id=\"8aba3e8\" data-element_type=\"widget\" data-e-type=\"widget\" data-widget_type=\"text-editor.default\">\n\t\t\t\t<div class=\"elementor-widget-container\">\n\t\t\t\t\t\t\t\t\t<h1>Contact<\/h1>\t\t\t\t\t\t\t\t<\/div>\n\t\t\t\t<\/div>\n\t\t\t\t\t<\/div>\n\t\t<\/div>\n\t\t\t\t\t<\/div>\n\t\t<\/section>\n\t\t\t\t<section class=\"elementor-section elementor-top-section elementor-element elementor-element-964b184 elementor-section-full_width qode_elementor_container_inner elementor-section-height-default elementor-section-height-default parallax_section_no\" data-id=\"964b184\" data-element_type=\"section\" data-e-type=\"section\">\n\t\t\t\t\t\t<div class=\"elementor-container elementor-column-gap-no\">\n\t\t\t\t\t<div class=\"elementor-column elementor-col-100 elementor-top-column elementor-element elementor-element-66e7e87\" data-id=\"66e7e87\" data-element_type=\"column\" data-e-type=\"column\">\n\t\t\t<div class=\"elementor-widget-wrap elementor-element-populated\">\n\t\t\t\t\t\t<section class=\"elementor-section elementor-inner-section elementor-element elementor-element-577960f elementor-section-boxed elementor-section-height-default elementor-section-height-default parallax_section_no qode_elementor_container_no\" data-id=\"577960f\" data-element_type=\"section\" data-e-type=\"section\">\n\t\t\t\t\t\t<div class=\"elementor-container elementor-column-gap-no\">\n\t\t\t\t\t<div class=\"elementor-column elementor-col-50 elementor-inner-column elementor-element elementor-element-df5ebb1\" data-id=\"df5ebb1\" data-element_type=\"column\" data-e-type=\"column\">\n\t\t\t<div class=\"elementor-widget-wrap elementor-element-populated\">\n\t\t\t\t\t\t<div class=\"elementor-element elementor-element-9cb03d9 elementor-widget elementor-widget-bridge_icon_list_item\" data-id=\"9cb03d9\" data-element_type=\"widget\" data-e-type=\"widget\" data-widget_type=\"bridge_icon_list_item.default\">\n\t\t\t\t<div class=\"elementor-widget-container\">\n\t\t\t\t\t<div class=\"q_icon_list\"><span aria-hidden=\"true\" class=\"qode-icon-kiko kikol kiko-phone qode-ili-icon-holder circle\" style=\"font-size: 15px;color: #171833;background-color: rgba(255,255,255,0);\" ><\/span><p style=\"\">+43 676 916 42 49<\/p><\/div>\t\t\t\t<\/div>\n\t\t\t\t<\/div>\n\t\t\t\t<div class=\"elementor-element elementor-element-cd0810c elementor-widget elementor-widget-bridge_icon_list_item\" data-id=\"cd0810c\" data-element_type=\"widget\" data-e-type=\"widget\" data-widget_type=\"bridge_icon_list_item.default\">\n\t\t\t\t<div class=\"elementor-widget-container\">\n\t\t\t\t\t<div class=\"q_icon_list\"><span aria-hidden=\"true\" class=\"qode-icon-kiko kikol kiko-email qode-ili-icon-holder circle\" style=\"font-size: 15px;color: #171833;background-color: #ffffff;\" ><\/span><p style=\"font-size: 13px;\">OFFICE@HAVELDESIGN.AT<\/p><\/div>\t\t\t\t<\/div>\n\t\t\t\t<\/div>\n\t\t\t\t<div class=\"elementor-element elementor-element-322f191 elementor-widget elementor-widget-bridge_icon_list_item\" data-id=\"322f191\" data-element_type=\"widget\" data-e-type=\"widget\" data-widget_type=\"bridge_icon_list_item.default\">\n\t\t\t\t<div class=\"elementor-widget-container\">\n\t\t\t\t\t<div class=\"q_icon_list\"><span aria-hidden=\"true\" class=\"qode_icon_font_elegant icon_building qode-ili-icon-holder transparent\" style=\"font-size: 15px;color: #171833;\" ><\/span><p style=\"font-size: 13px;\">11, PRETSCHGASSE 16, WIEN<\/p><\/div>\t\t\t\t<\/div>\n\t\t\t\t<\/div>\n\t\t\t\t\t<\/div>\n\t\t<\/div>\n\t\t\t\t<div class=\"elementor-column elementor-col-50 elementor-inner-column elementor-element elementor-element-0ef5aff\" data-id=\"0ef5aff\" data-element_type=\"column\" data-e-type=\"column\">\n\t\t\t<div class=\"elementor-widget-wrap elementor-element-populated\">\n\t\t\t\t\t\t<div class=\"elementor-element elementor-element-7fa00ff elementor-widget elementor-widget-text-editor\" data-id=\"7fa00ff\" data-element_type=\"widget\" data-e-type=\"widget\" data-widget_type=\"text-editor.default\">\n\t\t\t\t<div class=\"elementor-widget-container\">\n\t\t\t\t\t\t\t\t\t<p>Medieninhaber: Ing. Astrid Havel<br \/>Anschrift: 11, Pretschgasse 16, Wien<br \/>T +43 676 916 42 49, www.haveldesign.at, office@haveldesign.at<br \/>Unternehmensgegenstand: Werbegrafik Designer<br \/>Beh\u00f6rde gem. ECG: Magistratisches Bezirksamt des XI. Bezirkes<\/p><p>Informationspflicht gem\u00e4\u00df ECommerce-Gesetzes (ECG) und des Unternehmens-<br \/>gesetzbuches (UGB) sowie die Offenlegungspflicht gem\u00e4\u00df Mediengesetz<\/p><p>Mitglied der Jungen Wirtschaft<\/p>\t\t\t\t\t\t\t\t<\/div>\n\t\t\t\t<\/div>\n\t\t\t\t\t<\/div>\n\t\t<\/div>\n\t\t\t\t\t<\/div>\n\t\t<\/section>\n\t\t\t\t\t<\/div>\n\t\t<\/div>\n\t\t\t\t\t<\/div>\n\t\t<\/section>\n\t\t\t\t<\/div>\n\t\t","protected":false},"excerpt":{"rendered":"<p>Contact +43 676 916 42 49 OFFICE@HAVELDESIGN.AT 11, PRETSCHGASSE 16, WIEN Medieninhaber: Ing. Astrid HavelAnschrift: 11, Pretschgasse 16, WienT +43 676 916 42 49, www.haveldesign.at, office@haveldesign.atUnternehmensgegenstand: Werbegrafik DesignerBeh\u00f6rde gem. ECG: Magistratisches Bezirksamt des XI. Bezirkes Informationspflicht gem\u00e4\u00df ECommerce-Gesetzes (ECG) und des Unternehmens-gesetzbuches (UGB) sowie die&#8230;<\/p>\n","protected":false},"author":1,"featured_media":0,"parent":0,"menu_order":0,"comment_status":"closed","ping_status":"closed","template":"full_width.php","meta":{"footnotes":""},"class_list":["post-46","page","type-page","status-publish","hentry"],"_links":{"self":[{"href":"https:\/\/www.haveldesign.at\/wp\/index.php?rest_route=\/wp\/v2\/pages\/46","targetHints":{"allow":["GET"]}}],"collection":[{"href":"https:\/\/www.haveldesign.at\/wp\/index.php?rest_route=\/wp\/v2\/pages"}],"about":[{"href":"https:\/\/www.haveldesign.at\/wp\/index.php?rest_route=\/wp\/v2\/types\/page"}],"author":[{"embeddable":true,"href":"https:\/\/www.haveldesign.at\/wp\/index.php?rest_route=\/wp\/v2\/users\/1"}],"replies":[{"embeddable":true,"href":"https:\/\/www.haveldesign.at\/wp\/index.php?rest_route=%2Fwp%2Fv2%2Fcomments&post=46"}],"version-history":[{"count":31,"href":"https:\/\/www.haveldesign.at\/wp\/index.php?rest_route=\/wp\/v2\/pages\/46\/revisions"}],"predecessor-version":[{"id":462,"href":"https:\/\/www.haveldesign.at\/wp\/index.php?rest_route=\/wp\/v2\/pages\/46\/revisions\/462"}],"wp:attachment":[{"href":"https:\/\/www.haveldesign.at\/wp\/index.php?rest_route=%2Fwp%2Fv2%2Fmedia&parent=46"}],"curies":[{"name":"wp","href":"https:\/\/api.w.org\/{rel}","templated":true}]}}